{"id":1316,"date":"2021-11-21T15:12:46","date_gmt":"2021-11-21T13:12:46","guid":{"rendered":"http:\/\/www.anumykkanen.fi\/?page_id=1316"},"modified":"2025-03-30T12:08:33","modified_gmt":"2025-03-30T10:08:33","slug":"home","status":"publish","type":"page","link":"https:\/\/www.anumykkanen.fi\/","title":{"rendered":"Etusivu"},"content":{"rendered":"\t\t<div data-elementor-type=\"wp-page\" data-elementor-id=\"1316\" class=\"elementor elementor-1316\">\n\t\t\t\t\t\t<section class=\"elementor-section elementor-top-section elementor-element elementor-element-ca7541c elementor-section-height-min-height elementor-section-boxed elementor-section-height-default elementor-section-items-middle\" data-id=\"ca7541c\" data-element_type=\"section\" data-e-type=\"section\" data-settings=\"{&quot;background_background&quot;:&quot;classic&quot;}\">\n\t\t\t\t\t\t\t<div class=\"elementor-background-overlay\"><\/div>\n\t\t\t\t\t\t\t<div class=\"elementor-container elementor-column-gap-default\">\n\t\t\t\t\t<div class=\"elementor-column elementor-col-100 elementor-top-column elementor-element elementor-element-be10890\" data-id=\"be10890\" data-element_type=\"column\" data-e-type=\"column\">\n\t\t\t<div class=\"elementor-widget-wrap elementor-element-populated\">\n\t\t\t\t\t\t<div class=\"elementor-element elementor-element-02500f6 elementor-widget elementor-widget-heading\" data-id=\"02500f6\" data-element_type=\"widget\" data-e-type=\"widget\" data-widget_type=\"heading.default\">\n\t\t\t\t<div class=\"elementor-widget-container\">\n\t\t\t\t\t<h1 class=\"elementor-heading-title elementor-size-default\">Jalkakirurgi<\/h1>\t\t\t\t<\/div>\n\t\t\t\t<\/div>\n\t\t\t\t<div class=\"elementor-element elementor-element-0708f7f elementor-widget elementor-widget-heading\" data-id=\"0708f7f\" data-element_type=\"widget\" data-e-type=\"widget\" data-widget_type=\"heading.default\">\n\t\t\t\t<div class=\"elementor-widget-container\">\n\t\t\t\t\t<h1 class=\"elementor-heading-title elementor-size-default\">Anu Mykk\u00e4nen<\/h1>\t\t\t\t<\/div>\n\t\t\t\t<\/div>\n\t\t\t\t<div class=\"elementor-element elementor-element-ffe4386 elementor-widget elementor-widget-text-editor\" data-id=\"ffe4386\" data-element_type=\"widget\" data-e-type=\"widget\" data-widget_type=\"text-editor.default\">\n\t\t\t\t<div class=\"elementor-widget-container\">\n\t\t\t\t\t\t\t\t\t<p>&#8211; ortopedian ja traumatologian erikoisl\u00e4\u00e4k\u00e4ri &#8211;<\/p>\t\t\t\t\t\t\t\t<\/div>\n\t\t\t\t<\/div>\n\t\t\t\t<div class=\"elementor-element elementor-element-b78c0f0 elementor-align-center elementor-widget elementor-widget-button\" data-id=\"b78c0f0\" data-element_type=\"widget\" data-e-type=\"widget\" data-widget_type=\"button.default\">\n\t\t\t\t<div class=\"elementor-widget-container\">\n\t\t\t\t\t\t\t\t\t<div class=\"elementor-button-wrapper\">\n\t\t\t\t\t<a class=\"elementor-button elementor-button-link elementor-size-sm elementor-animation-grow\" href=\"https:\/\/ajanvaraus.mehilainen.fi\/parse\/laakari:9033\" target=\"_blank\">\n\t\t\t\t\t\t<span class=\"elementor-button-content-wrapper\">\n\t\t\t\t\t\t<span class=\"elementor-button-icon\">\n\t\t\t\t<i aria-hidden=\"true\" class=\"far fa-calendar-alt\"><\/i>\t\t\t<\/span>\n\t\t\t\t\t\t\t\t\t<span class=\"elementor-button-text\">Siirry ajanvaraukseeni<\/span>\n\t\t\t\t\t<\/span>\n\t\t\t\t\t<\/a>\n\t\t\t\t<\/div>\n\t\t\t\t\t\t\t\t<\/div>\n\t\t\t\t<\/div>\n\t\t\t\t\t<\/div>\n\t\t<\/div>\n\t\t\t\t\t<\/div>\n\t\t<\/section>\n\t\t\t\t<section class=\"elementor-section elementor-top-section elementor-element elementor-element-c7502b0 elementor-section-boxed elementor-section-height-default elementor-section-height-default\" data-id=\"c7502b0\" data-element_type=\"section\" data-e-type=\"section\">\n\t\t\t\t\t\t<div class=\"elementor-container elementor-column-gap-default\">\n\t\t\t\t\t<div class=\"elementor-column elementor-col-100 elementor-top-column elementor-element elementor-element-502ddfd\" data-id=\"502ddfd\" data-element_type=\"column\" data-e-type=\"column\">\n\t\t\t<div class=\"elementor-widget-wrap elementor-element-populated\">\n\t\t\t\t\t\t<div class=\"elementor-element elementor-element-d183221 elementor-widget elementor-widget-spacer\" data-id=\"d183221\" data-element_type=\"widget\" data-e-type=\"widget\" data-widget_type=\"spacer.default\">\n\t\t\t\t<div class=\"elementor-widget-container\">\n\t\t\t\t\t\t\t<div class=\"elementor-spacer\">\n\t\t\t<div class=\"elementor-spacer-inner\"><\/div>\n\t\t<\/div>\n\t\t\t\t\t\t<\/div>\n\t\t\t\t<\/div>\n\t\t\t\t\t<\/div>\n\t\t<\/div>\n\t\t\t\t\t<\/div>\n\t\t<\/section>\n\t\t\t\t<section class=\"elementor-section elementor-top-section elementor-element elementor-element-77996d0 elementor-section-boxed elementor-section-height-default elementor-section-height-default\" data-id=\"77996d0\" data-element_type=\"section\" data-e-type=\"section\">\n\t\t\t\t\t\t<div class=\"elementor-container elementor-column-gap-default\">\n\t\t\t\t\t<div class=\"elementor-column elementor-col-33 elementor-top-column elementor-element elementor-element-f3e3101\" data-id=\"f3e3101\" data-element_type=\"column\" data-e-type=\"column\">\n\t\t\t<div class=\"elementor-widget-wrap elementor-element-populated\">\n\t\t\t\t\t\t<div class=\"elementor-element elementor-element-6b792a3 elementor-widget elementor-widget-image\" data-id=\"6b792a3\" data-element_type=\"widget\" data-e-type=\"widget\" data-widget_type=\"image.default\">\n\t\t\t\t<div class=\"elementor-widget-container\">\n\t\t\t\t\t\t\t\t\t\t\t\t\t\t\t\t<a href=\"https:\/\/www.anumykkanen.fi\/?page_id=1518\">\n\t\t\t\t\t\t\t<img fetchpriority=\"high\" decoding=\"async\" width=\"1647\" height=\"2470\" src=\"https:\/\/www.anumykkanen.fi\/wp-content\/uploads\/2023\/04\/IMG_8803-3.jpg\" class=\"elementor-animation-grow attachment-full size-full wp-image-2907\" alt=\"\" srcset=\"https:\/\/www.anumykkanen.fi\/wp-content\/uploads\/2023\/04\/IMG_8803-3.jpg 1647w, https:\/\/www.anumykkanen.fi\/wp-content\/uploads\/2023\/04\/IMG_8803-3-200x300.jpg 200w, https:\/\/www.anumykkanen.fi\/wp-content\/uploads\/2023\/04\/IMG_8803-3-683x1024.jpg 683w, https:\/\/www.anumykkanen.fi\/wp-content\/uploads\/2023\/04\/IMG_8803-3-768x1152.jpg 768w, https:\/\/www.anumykkanen.fi\/wp-content\/uploads\/2023\/04\/IMG_8803-3-1024x1536.jpg 1024w, https:\/\/www.anumykkanen.fi\/wp-content\/uploads\/2023\/04\/IMG_8803-3-1366x2048.jpg 1366w\" sizes=\"(max-width: 1647px) 100vw, 1647px\" \/>\t\t\t\t\t\t\t\t<\/a>\n\t\t\t\t\t\t\t\t\t\t\t\t\t\t\t<\/div>\n\t\t\t\t<\/div>\n\t\t\t\t<div class=\"elementor-element elementor-element-f3e2bff elementor-widget elementor-widget-heading\" data-id=\"f3e2bff\" data-element_type=\"widget\" data-e-type=\"widget\" data-widget_type=\"heading.default\">\n\t\t\t\t<div class=\"elementor-widget-container\">\n\t\t\t\t\t<h2 class=\"elementor-heading-title elementor-size-default\"><a href=\"https:\/\/www.anumykkanen.fi\/?page_id=1518\">Nilkan ja jalkater\u00e4n kirurgia\u200b<\/a><\/h2>\t\t\t\t<\/div>\n\t\t\t\t<\/div>\n\t\t\t\t\t<\/div>\n\t\t<\/div>\n\t\t\t\t<div class=\"elementor-column elementor-col-33 elementor-top-column elementor-element elementor-element-e1f2f3f\" data-id=\"e1f2f3f\" data-element_type=\"column\" data-e-type=\"column\">\n\t\t\t<div class=\"elementor-widget-wrap elementor-element-populated\">\n\t\t\t\t\t\t<div class=\"elementor-element elementor-element-1e4bc45 elementor-widget elementor-widget-image\" data-id=\"1e4bc45\" data-element_type=\"widget\" data-e-type=\"widget\" data-widget_type=\"image.default\">\n\t\t\t\t<div class=\"elementor-widget-container\">\n\t\t\t\t\t\t\t\t\t\t\t\t\t\t\t\t<a href=\"https:\/\/www.anumykkanen.fi\/?page_id=1318\">\n\t\t\t\t\t\t\t<img decoding=\"async\" width=\"569\" height=\"853\" src=\"https:\/\/www.anumykkanen.fi\/wp-content\/uploads\/2022\/09\/MRI.jpg\" class=\"elementor-animation-grow attachment-full size-full wp-image-1467\" alt=\"\" srcset=\"https:\/\/www.anumykkanen.fi\/wp-content\/uploads\/2022\/09\/MRI.jpg 569w, https:\/\/www.anumykkanen.fi\/wp-content\/uploads\/2022\/09\/MRI-200x300.jpg 200w\" sizes=\"(max-width: 569px) 100vw, 569px\" \/>\t\t\t\t\t\t\t\t<\/a>\n\t\t\t\t\t\t\t\t\t\t\t\t\t\t\t<\/div>\n\t\t\t\t<\/div>\n\t\t\t\t<div class=\"elementor-element elementor-element-ea6c0c8 elementor-widget elementor-widget-heading\" data-id=\"ea6c0c8\" data-element_type=\"widget\" data-e-type=\"widget\" data-widget_type=\"heading.default\">\n\t\t\t\t<div class=\"elementor-widget-container\">\n\t\t\t\t\t<h2 class=\"elementor-heading-title elementor-size-default\"><a href=\"https:\/\/www.anumykkanen.fi\/?page_id=1318\">Diagnostiikka ja hoitolinja\u200b<\/a><\/h2>\t\t\t\t<\/div>\n\t\t\t\t<\/div>\n\t\t\t\t\t<\/div>\n\t\t<\/div>\n\t\t\t\t<div class=\"elementor-column elementor-col-33 elementor-top-column elementor-element elementor-element-5390b9d\" data-id=\"5390b9d\" data-element_type=\"column\" data-e-type=\"column\">\n\t\t\t<div class=\"elementor-widget-wrap elementor-element-populated\">\n\t\t\t\t\t\t<div class=\"elementor-element elementor-element-89eb6bf elementor-widget elementor-widget-image\" data-id=\"89eb6bf\" data-element_type=\"widget\" data-e-type=\"widget\" data-widget_type=\"image.default\">\n\t\t\t\t<div class=\"elementor-widget-container\">\n\t\t\t\t\t\t\t\t\t\t\t\t\t\t\t\t<a href=\"https:\/\/www.anumykkanen.fi\/?page_id=1787\">\n\t\t\t\t\t\t\t<img decoding=\"async\" width=\"1707\" height=\"2560\" src=\"https:\/\/www.anumykkanen.fi\/wp-content\/uploads\/2022\/08\/kuntoutus-scaled.jpg\" class=\"elementor-animation-grow attachment-full size-full wp-image-1375\" alt=\"\" srcset=\"https:\/\/www.anumykkanen.fi\/wp-content\/uploads\/2022\/08\/kuntoutus-scaled.jpg 1707w, https:\/\/www.anumykkanen.fi\/wp-content\/uploads\/2022\/08\/kuntoutus-200x300.jpg 200w, https:\/\/www.anumykkanen.fi\/wp-content\/uploads\/2022\/08\/kuntoutus-683x1024.jpg 683w, https:\/\/www.anumykkanen.fi\/wp-content\/uploads\/2022\/08\/kuntoutus-768x1152.jpg 768w, https:\/\/www.anumykkanen.fi\/wp-content\/uploads\/2022\/08\/kuntoutus-1024x1536.jpg 1024w, https:\/\/www.anumykkanen.fi\/wp-content\/uploads\/2022\/08\/kuntoutus-1365x2048.jpg 1365w\" sizes=\"(max-width: 1707px) 100vw, 1707px\" \/>\t\t\t\t\t\t\t\t<\/a>\n\t\t\t\t\t\t\t\t\t\t\t\t\t\t\t<\/div>\n\t\t\t\t<\/div>\n\t\t\t\t<div class=\"elementor-element elementor-element-a1edb0b elementor-widget elementor-widget-heading\" data-id=\"a1edb0b\" data-element_type=\"widget\" data-e-type=\"widget\" data-widget_type=\"heading.default\">\n\t\t\t\t<div class=\"elementor-widget-container\">\n\t\t\t\t\t<h2 class=\"elementor-heading-title elementor-size-default\"><a href=\"https:\/\/www.anumykkanen.fi\/?page_id=1787\">Leikkauspotilaan polku\u200b<\/a><\/h2>\t\t\t\t<\/div>\n\t\t\t\t<\/div>\n\t\t\t\t\t<\/div>\n\t\t<\/div>\n\t\t\t\t\t<\/div>\n\t\t<\/section>\n\t\t\t\t<section class=\"elementor-section elementor-top-section elementor-element elementor-element-cabbcc6 elementor-section-boxed elementor-section-height-default elementor-section-height-default\" data-id=\"cabbcc6\" data-element_type=\"section\" data-e-type=\"section\">\n\t\t\t\t\t\t<div class=\"elementor-container elementor-column-gap-default\">\n\t\t\t\t\t<div class=\"elementor-column elementor-col-100 elementor-top-column elementor-element elementor-element-0d42fe6\" data-id=\"0d42fe6\" data-element_type=\"column\" data-e-type=\"column\">\n\t\t\t<div class=\"elementor-widget-wrap elementor-element-populated\">\n\t\t\t\t\t\t<div class=\"elementor-element elementor-element-844ca47 elementor-widget elementor-widget-spacer\" data-id=\"844ca47\" data-element_type=\"widget\" data-e-type=\"widget\" data-widget_type=\"spacer.default\">\n\t\t\t\t<div class=\"elementor-widget-container\">\n\t\t\t\t\t\t\t<div class=\"elementor-spacer\">\n\t\t\t<div class=\"elementor-spacer-inner\"><\/div>\n\t\t<\/div>\n\t\t\t\t\t\t<\/div>\n\t\t\t\t<\/div>\n\t\t\t\t<div class=\"elementor-element elementor-element-5aa76d0 elementor-widget elementor-widget-heading\" data-id=\"5aa76d0\" data-element_type=\"widget\" data-e-type=\"widget\" data-widget_type=\"heading.default\">\n\t\t\t\t<div class=\"elementor-widget-container\">\n\t\t\t\t\t<h2 class=\"elementor-heading-title elementor-size-default\">Olen ortopedian ja traumatologian erikoisl\u00e4\u00e4k\u00e4ri ja ty\u00f6skennellyt jalkakirurgina vuodesta 2009.<\/h2>\t\t\t\t<\/div>\n\t\t\t\t<\/div>\n\t\t\t\t<div class=\"elementor-element elementor-element-9c7221f elementor-widget-divider--view-line elementor-widget elementor-widget-divider\" data-id=\"9c7221f\" data-element_type=\"widget\" data-e-type=\"widget\" data-widget_type=\"divider.default\">\n\t\t\t\t<div class=\"elementor-widget-container\">\n\t\t\t\t\t\t\t<div class=\"elementor-divider\">\n\t\t\t<span class=\"elementor-divider-separator\">\n\t\t\t\t\t\t<\/span>\n\t\t<\/div>\n\t\t\t\t\t\t<\/div>\n\t\t\t\t<\/div>\n\t\t\t\t<div class=\"elementor-element elementor-element-b8160ad elementor-widget elementor-widget-spacer\" data-id=\"b8160ad\" data-element_type=\"widget\" data-e-type=\"widget\" data-widget_type=\"spacer.default\">\n\t\t\t\t<div class=\"elementor-widget-container\">\n\t\t\t\t\t\t\t<div class=\"elementor-spacer\">\n\t\t\t<div class=\"elementor-spacer-inner\"><\/div>\n\t\t<\/div>\n\t\t\t\t\t\t<\/div>\n\t\t\t\t<\/div>\n\t\t\t\t\t<\/div>\n\t\t<\/div>\n\t\t\t\t\t<\/div>\n\t\t<\/section>\n\t\t\t\t<section class=\"elementor-section elementor-top-section elementor-element elementor-element-4f27189 elementor-section-boxed elementor-section-height-default elementor-section-height-default\" data-id=\"4f27189\" data-element_type=\"section\" data-e-type=\"section\">\n\t\t\t\t\t\t<div class=\"elementor-container elementor-column-gap-default\">\n\t\t\t\t\t<div class=\"elementor-column elementor-col-66 elementor-top-column elementor-element elementor-element-b461f04\" data-id=\"b461f04\" data-element_type=\"column\" data-e-type=\"column\">\n\t\t\t<div class=\"elementor-widget-wrap elementor-element-populated\">\n\t\t\t\t\t\t<div class=\"elementor-element elementor-element-4529f61 elementor-widget-tablet__width-initial elementor-widget elementor-widget-text-editor\" data-id=\"4529f61\" data-element_type=\"widget\" data-e-type=\"widget\" data-widget_type=\"text-editor.default\">\n\t\t\t\t<div class=\"elementor-widget-container\">\n\t\t\t\t\t\t\t\t\t<p style=\"font-weight: 400;\">Toimin <a href=\"https:\/\/www.mehilainen.fi\/ortopedia\/toolon-tiimi\" target=\"_blank\" rel=\"noopener\">T\u00f6\u00f6l\u00f6n Mehil\u00e4isen nilkka- ja jalkakirurgisen tiimin j\u00e4senen\u00e4<\/a> ja leikkaustoimintani tapahtuu Sairaala Mehil\u00e4inen Helsingiss\u00e4. Otan vastaan aikuispotilaita sek\u00e4 kasvunsa p\u00e4\u00e4tt\u00e4neit\u00e4 nuoria.<\/p><p style=\"font-weight: 400;\">T\u00e4lt\u00e4 sivustolta l\u00f6yd\u00e4t tietoa jalkakirurgisista sairauksista ja toivon, ett\u00e4 saat apua jalkaongelmasi hahmottamiseen ja hoitoon hakeutumiseen. L\u00f6yd\u00e4t tietoa toimintatavoistani ja hoitok\u00e4yt\u00e4nn\u00f6ist\u00e4ni sek\u00e4 leikkaushoidon ett\u00e4 konservatiivisen hoidon alueella. Pyrin antamaan tietoa kirurgisen hoidon mahdollisuuksista ja my\u00f6s rajoituksista erilaisten sairaustilojen hoidossa.<\/p><p style=\"font-weight: 400;\">Olen koonnut yhteenvetona ohjeita leikkauspotilailleni leikkaukseen valmistautumisesta ja j\u00e4lkihoidosta. Sivuilta l\u00f6ytyy my\u00f6s l\u00e4hett\u00e4ville l\u00e4\u00e4k\u00e4reille informaatiota esim. suositelluista jalan kuvantamisista ja r\u00f6ntgentutkimusten projektioista.<\/p><p style=\"font-weight: 400;\">Kuvaukset hoitok\u00e4yt\u00e4nn\u00f6ist\u00e4 on tarkoitettu suuntaa antavaksi tiedoksi. Valinnat hoitolinjoista ja leikkausmenetelmist\u00e4 tehd\u00e4\u00e4n aina potilaskohtaisesti. Samantapainen oire tai virheasento voi vaatia hyvinkin erilaisen ratkaisun riippuen potilaan ongelman perimm\u00e4isest\u00e4 syyst\u00e4.<\/p>\t\t\t\t\t\t\t\t<\/div>\n\t\t\t\t<\/div>\n\t\t\t\t\t<\/div>\n\t\t<\/div>\n\t\t\t\t<div class=\"elementor-column elementor-col-33 elementor-top-column elementor-element elementor-element-56cc2b7\" data-id=\"56cc2b7\" data-element_type=\"column\" data-e-type=\"column\">\n\t\t\t<div class=\"elementor-widget-wrap elementor-element-populated\">\n\t\t\t\t\t\t<div class=\"elementor-element elementor-element-024a506 elementor-widget-tablet__width-initial elementor-widget elementor-widget-image\" data-id=\"024a506\" data-element_type=\"widget\" data-e-type=\"widget\" data-widget_type=\"image.default\">\n\t\t\t\t<div class=\"elementor-widget-container\">\n\t\t\t\t\t\t\t\t\t\t\t\t\t\t\t\t<a href=\"https:\/\/www.anumykkanen.fi\/?page_id=1317\">\n\t\t\t\t\t\t\t<img loading=\"lazy\" decoding=\"async\" width=\"780\" height=\"1170\" src=\"https:\/\/www.anumykkanen.fi\/wp-content\/uploads\/2023\/10\/Mykkanen-2698-web.png\" class=\"elementor-animation-grow attachment-full size-full wp-image-3480\" alt=\"\" srcset=\"https:\/\/www.anumykkanen.fi\/wp-content\/uploads\/2023\/10\/Mykkanen-2698-web.png 780w, https:\/\/www.anumykkanen.fi\/wp-content\/uploads\/2023\/10\/Mykkanen-2698-web-200x300.png 200w, https:\/\/www.anumykkanen.fi\/wp-content\/uploads\/2023\/10\/Mykkanen-2698-web-683x1024.png 683w, https:\/\/www.anumykkanen.fi\/wp-content\/uploads\/2023\/10\/Mykkanen-2698-web-768x1152.png 768w\" sizes=\"(max-width: 780px) 100vw, 780px\" \/>\t\t\t\t\t\t\t\t<\/a>\n\t\t\t\t\t\t\t\t\t\t\t\t\t\t\t<\/div>\n\t\t\t\t<\/div>\n\t\t\t\t\t<\/div>\n\t\t<\/div>\n\t\t\t\t\t<\/div>\n\t\t<\/section>\n\t\t\t\t<section class=\"elementor-section elementor-top-section elementor-element elementor-element-9b5e8dd elementor-section-boxed elementor-section-height-default elementor-section-height-default\" data-id=\"9b5e8dd\" data-element_type=\"section\" data-e-type=\"section\">\n\t\t\t\t\t\t<div class=\"elementor-container elementor-column-gap-default\">\n\t\t\t\t\t<div class=\"elementor-column elementor-col-100 elementor-top-column elementor-element elementor-element-ab2c745\" data-id=\"ab2c745\" data-element_type=\"column\" data-e-type=\"column\">\n\t\t\t<div class=\"elementor-widget-wrap elementor-element-populated\">\n\t\t\t\t\t\t<div class=\"elementor-element elementor-element-b9becab elementor-widget elementor-widget-spacer\" data-id=\"b9becab\" data-element_type=\"widget\" data-e-type=\"widget\" data-widget_type=\"spacer.default\">\n\t\t\t\t<div class=\"elementor-widget-container\">\n\t\t\t\t\t\t\t<div class=\"elementor-spacer\">\n\t\t\t<div class=\"elementor-spacer-inner\"><\/div>\n\t\t<\/div>\n\t\t\t\t\t\t<\/div>\n\t\t\t\t<\/div>\n\t\t\t\t\t<\/div>\n\t\t<\/div>\n\t\t\t\t\t<\/div>\n\t\t<\/section>\n\t\t\t\t<\/div>\n\t\t","protected":false},"excerpt":{"rendered":"<p>Jalkakirurgi Anu Mykk\u00e4nen &#8211; ortopedian ja traumatologian erikoisl\u00e4\u00e4k\u00e4ri &#8211; Siirry ajanvaraukseeni Nilkan ja jalkater\u00e4n kirurgia\u200b Diagnostiikka ja hoitolinja\u200b Leikkauspotilaan polku\u200b Olen ortopedian ja traumatologian erikoisl\u00e4\u00e4k\u00e4ri ja ty\u00f6skennellyt jalkakirurgina vuodesta 2009. Toimin T\u00f6\u00f6l\u00f6n Mehil\u00e4isen nilkka- ja jalkakirurgisen tiimin j\u00e4senen\u00e4 ja leikkaustoimintani tapahtuu Sairaala Mehil\u00e4inen Helsingiss\u00e4. Otan vastaan aikuispotilaita sek\u00e4 kasvunsa p\u00e4\u00e4tt\u00e4neit\u00e4 nuoria. T\u00e4lt\u00e4 sivustolta l\u00f6yd\u00e4t tietoa [&hellip;]<\/p>\n","protected":false},"author":1,"featured_media":0,"parent":0,"menu_order":0,"comment_status":"closed","ping_status":"closed","template":"","meta":{"om_disable_all_campaigns":false,"_monsterinsights_skip_tracking":false,"_monsterinsights_sitenote_active":false,"_monsterinsights_sitenote_note":"","_monsterinsights_sitenote_category":0,"_uf_show_specific_survey":0,"_uf_disable_surveys":false,"site-sidebar-layout":"no-sidebar","site-content-layout":"page-builder","ast-site-content-layout":"default","site-content-style":"default","site-sidebar-style":"default","ast-global-header-display":"","ast-banner-title-visibility":"","ast-main-header-display":"","ast-hfb-above-header-display":"","ast-hfb-below-header-display":"","ast-hfb-mobile-header-display":"","site-post-title":"disabled","ast-breadcrumbs-content":"","ast-featured-img":"disabled","footer-sml-layout":"","ast-disable-related-posts":"","theme-transparent-header-meta":"enabled","adv-header-id-meta":"","stick-header-meta":"","header-above-stick-meta":"","header-main-stick-meta":"","header-below-stick-meta":"","astra-migrate-meta-layouts":"default","ast-page-background-enabled":"default","ast-page-background-meta":{"desktop":{"background-color":"var(--ast-global-color-4)","background-image":"","background-repeat":"repeat","background-position":"center center","background-size":"auto","background-attachment":"scroll","background-type":"","background-media":"","overlay-type":"","overlay-color":"","overlay-opacity":"","overlay-gradient":""},"tablet":{"background-color":"","background-image":"","background-repeat":"repeat","background-position":"center center","background-size":"auto","background-attachment":"scroll","background-type":"","background-media":"","overlay-type":"","overlay-color":"","overlay-opacity":"","overlay-gradient":""},"mobile":{"background-color":"","background-image":"","background-repeat":"repeat","background-position":"center center","background-size":"auto","background-attachment":"scroll","background-type":"","background-media":"","overlay-type":"","overlay-color":"","overlay-opacity":"","overlay-gradient":""}},"ast-content-background-meta":{"desktop":{"background-color":"var(--ast-global-color-5)","background-image":"","background-repeat":"repeat","background-position":"center center","background-size":"auto","background-attachment":"scroll","background-type":"","background-media":"","overlay-type":"","overlay-color":"","overlay-opacity":"","overlay-gradient":""},"tablet":{"background-color":"var(--ast-global-color-5)","background-image":"","background-repeat":"repeat","background-position":"center center","background-size":"auto","background-attachment":"scroll","background-type":"","background-media":"","overlay-type":"","overlay-color":"","overlay-opacity":"","overlay-gradient":""},"mobile":{"background-color":"var(--ast-global-color-5)","background-image":"","background-repeat":"repeat","background-position":"center center","background-size":"auto","background-attachment":"scroll","background-type":"","background-media":"","overlay-type":"","overlay-color":"","overlay-opacity":"","overlay-gradient":""}},"footnotes":""},"class_list":["post-1316","page","type-page","status-publish","hentry"],"aioseo_notices":[],"_links":{"self":[{"href":"https:\/\/www.anumykkanen.fi\/index.php?rest_route=\/wp\/v2\/pages\/1316","targetHints":{"allow":["GET"]}}],"collection":[{"href":"https:\/\/www.anumykkanen.fi\/index.php?rest_route=\/wp\/v2\/pages"}],"about":[{"href":"https:\/\/www.anumykkanen.fi\/index.php?rest_route=\/wp\/v2\/types\/page"}],"author":[{"embeddable":true,"href":"https:\/\/www.anumykkanen.fi\/index.php?rest_route=\/wp\/v2\/users\/1"}],"replies":[{"embeddable":true,"href":"https:\/\/www.anumykkanen.fi\/index.php?rest_route=%2Fwp%2Fv2%2Fcomments&post=1316"}],"version-history":[{"count":317,"href":"https:\/\/www.anumykkanen.fi\/index.php?rest_route=\/wp\/v2\/pages\/1316\/revisions"}],"predecessor-version":[{"id":3616,"href":"https:\/\/www.anumykkanen.fi\/index.php?rest_route=\/wp\/v2\/pages\/1316\/revisions\/3616"}],"wp:attachment":[{"href":"https:\/\/www.anumykkanen.fi\/index.php?rest_route=%2Fwp%2Fv2%2Fmedia&parent=1316"}],"curies":[{"name":"wp","href":"https:\/\/api.w.org\/{rel}","templated":true}]}}