{"id":1774,"date":"2022-10-04T16:34:16","date_gmt":"2022-10-04T14:34:16","guid":{"rendered":"http:\/\/www.anumykkanen.fi\/?page_id=1774"},"modified":"2023-09-08T10:28:38","modified_gmt":"2023-09-08T08:28:38","slug":"usein-kysyttya","status":"publish","type":"page","link":"https:\/\/www.anumykkanen.fi\/?page_id=1774","title":{"rendered":"Usein kysytty\u00e4"},"content":{"rendered":"\t\t<div data-elementor-type=\"wp-page\" data-elementor-id=\"1774\" class=\"elementor elementor-1774\">\n\t\t\t\t\t\t<section class=\"elementor-section elementor-top-section elementor-element elementor-element-k280v80 elementor-section-boxed elementor-section-height-default elementor-section-height-default\" data-id=\"k280v80\" data-element_type=\"section\" data-e-type=\"section\" data-settings=\"{&quot;background_background&quot;:&quot;classic&quot;}\">\n\t\t\t\t\t\t\t<div class=\"elementor-background-overlay\"><\/div>\n\t\t\t\t\t\t\t<div class=\"elementor-container elementor-column-gap-default\">\n\t\t\t\t\t<div class=\"elementor-column elementor-col-100 elementor-top-column elementor-element elementor-element-6c734ab\" data-id=\"6c734ab\" data-element_type=\"column\" data-e-type=\"column\">\n\t\t\t<div class=\"elementor-widget-wrap elementor-element-populated\">\n\t\t\t\t\t\t<div class=\"elementor-element elementor-element-7d66f8e elementor-widget elementor-widget-spacer\" data-id=\"7d66f8e\" data-element_type=\"widget\" data-e-type=\"widget\" data-widget_type=\"spacer.default\">\n\t\t\t\t<div class=\"elementor-widget-container\">\n\t\t\t\t\t\t\t<div class=\"elementor-spacer\">\n\t\t\t<div class=\"elementor-spacer-inner\"><\/div>\n\t\t<\/div>\n\t\t\t\t\t\t<\/div>\n\t\t\t\t<\/div>\n\t\t\t\t<div class=\"elementor-element elementor-element-5e63b1f elementor-widget elementor-widget-spacer\" data-id=\"5e63b1f\" data-element_type=\"widget\" data-e-type=\"widget\" data-widget_type=\"spacer.default\">\n\t\t\t\t<div class=\"elementor-widget-container\">\n\t\t\t\t\t\t\t<div class=\"elementor-spacer\">\n\t\t\t<div class=\"elementor-spacer-inner\"><\/div>\n\t\t<\/div>\n\t\t\t\t\t\t<\/div>\n\t\t\t\t<\/div>\n\t\t\t\t<div class=\"elementor-element elementor-element-feefb6c elementor-widget elementor-widget-heading\" data-id=\"feefb6c\" data-element_type=\"widget\" data-e-type=\"widget\" data-widget_type=\"heading.default\">\n\t\t\t\t<div class=\"elementor-widget-container\">\n\t\t\t\t\t<h1 class=\"elementor-heading-title elementor-size-default\">Usein kysytty\u00e4<\/h1>\t\t\t\t<\/div>\n\t\t\t\t<\/div>\n\t\t\t\t<div class=\"elementor-element elementor-element-4123e2e elementor-widget-divider--view-line elementor-widget elementor-widget-divider\" data-id=\"4123e2e\" data-element_type=\"widget\" data-e-type=\"widget\" data-widget_type=\"divider.default\">\n\t\t\t\t<div class=\"elementor-widget-container\">\n\t\t\t\t\t\t\t<div class=\"elementor-divider\">\n\t\t\t<span class=\"elementor-divider-separator\">\n\t\t\t\t\t\t<\/span>\n\t\t<\/div>\n\t\t\t\t\t\t<\/div>\n\t\t\t\t<\/div>\n\t\t\t\t<section class=\"elementor-section elementor-inner-section elementor-element elementor-element-3695011 elementor-section-boxed elementor-section-height-default elementor-section-height-default\" data-id=\"3695011\" data-element_type=\"section\" data-e-type=\"section\">\n\t\t\t\t\t\t<div class=\"elementor-container elementor-column-gap-default\">\n\t\t\t\t\t<div class=\"elementor-column elementor-col-100 elementor-inner-column elementor-element elementor-element-f762db3\" data-id=\"f762db3\" data-element_type=\"column\" data-e-type=\"column\">\n\t\t\t<div class=\"elementor-widget-wrap elementor-element-populated\">\n\t\t\t\t\t\t<div class=\"elementor-element elementor-element-819414a elementor-widget elementor-widget-accordion\" data-id=\"819414a\" data-element_type=\"widget\" data-e-type=\"widget\" data-widget_type=\"accordion.default\">\n\t\t\t\t<div class=\"elementor-widget-container\">\n\t\t\t\t\t\t\t<div class=\"elementor-accordion\">\n\t\t\t\t\t\t\t<div class=\"elementor-accordion-item\">\n\t\t\t\t\t<div id=\"elementor-tab-title-1351\" class=\"elementor-tab-title\" data-tab=\"1\" role=\"button\" aria-controls=\"elementor-tab-content-1351\" aria-expanded=\"false\">\n\t\t\t\t\t\t\t\t\t\t\t\t\t<span class=\"elementor-accordion-icon elementor-accordion-icon-right\" aria-hidden=\"true\">\n\t\t\t\t\t\t\t\t\t\t\t\t\t\t\t<span class=\"elementor-accordion-icon-closed\"><i class=\"fas fa-plus\"><\/i><\/span>\n\t\t\t\t\t\t\t\t<span class=\"elementor-accordion-icon-opened\"><i class=\"fas fa-minus\"><\/i><\/span>\n\t\t\t\t\t\t\t\t\t\t\t\t\t\t<\/span>\n\t\t\t\t\t\t\t\t\t\t\t\t<a class=\"elementor-accordion-title\" tabindex=\"0\">Onko leikkauksen j\u00e4lkeen kipuja?<\/a>\n\t\t\t\t\t<\/div>\n\t\t\t\t\t<div id=\"elementor-tab-content-1351\" class=\"elementor-tab-content elementor-clearfix\" data-tab=\"1\" role=\"region\" aria-labelledby=\"elementor-tab-title-1351\"><p>Leikkauksen j\u00e4lkeisen kivun hoidoksi tehd\u00e4\u00e4n erilaisia puudutuksia. Laitan itse kaikille jalkater\u00e4n etuosan leikkauspotilaille leikkauksen yhteydess\u00e4 nilkan johtopuudutuksen pitk\u00e4vaikutteisella paikallispuudutteella. Puudutuksen vaikutus kest\u00e4\u00e4 n. 17 tuntia ja puuduttaa tehokkaasti koko jalkater\u00e4\u00e4 est\u00e4en leikkauksen j\u00e4lkeist\u00e4 kipua. Paikallispuudute laitetaan my\u00f6s nilkan leikkaushaavoihin. Puudutusten avulla kotiinl\u00e4ht\u00f6 on helppoa p\u00e4iv\u00e4kirurgisten leikkausten j\u00e4lkeen. Laajoissa leikkauksissa anestesial\u00e4\u00e4k\u00e4rimme tekev\u00e4t polvitaipeen tasolle vastaavat puudutukset, jolloin kivun hoito on tehokasta sek\u00e4 nilkan ett\u00e4 jalkater\u00e4n alueella. Polvitaipeen puudutukset tehd\u00e4\u00e4n osastohoidon aikana. My\u00f6s raajan kohoasento osastolla ja kotona auttaa tehokkaasti kivun hoidossa. Kirjoitan reseptin kipul\u00e4\u00e4kkeille kotiin l\u00e4htiess\u00e4.<\/p><\/div>\n\t\t\t\t<\/div>\n\t\t\t\t\t\t\t<div class=\"elementor-accordion-item\">\n\t\t\t\t\t<div id=\"elementor-tab-title-1352\" class=\"elementor-tab-title\" data-tab=\"2\" role=\"button\" aria-controls=\"elementor-tab-content-1352\" aria-expanded=\"false\">\n\t\t\t\t\t\t\t\t\t\t\t\t\t<span class=\"elementor-accordion-icon elementor-accordion-icon-right\" aria-hidden=\"true\">\n\t\t\t\t\t\t\t\t\t\t\t\t\t\t\t<span class=\"elementor-accordion-icon-closed\"><i class=\"fas fa-plus\"><\/i><\/span>\n\t\t\t\t\t\t\t\t<span class=\"elementor-accordion-icon-opened\"><i class=\"fas fa-minus\"><\/i><\/span>\n\t\t\t\t\t\t\t\t\t\t\t\t\t\t<\/span>\n\t\t\t\t\t\t\t\t\t\t\t\t<a class=\"elementor-accordion-title\" tabindex=\"0\">Tehd\u00e4\u00e4nk\u00f6 leikkaukset selk\u00e4puudutuksessa vai nukutuksessa?<\/a>\n\t\t\t\t\t<\/div>\n\t\t\t\t\t<div id=\"elementor-tab-content-1352\" class=\"elementor-tab-content elementor-clearfix\" data-tab=\"2\" role=\"region\" aria-labelledby=\"elementor-tab-title-1352\"><p>Jalan leikkaukset voidaan tehd\u00e4 joko selk\u00e4puudutuksessa tai nukutuksessa eli yleisanestesiassa. Molempia anestesiamuotoja k\u00e4ytet\u00e4\u00e4n. Anestesial\u00e4\u00e4k\u00e4ri tekee suosituksen anestesiamuodosta. Anestesian suunnitteluun vaikuttavat potilaan perussairaudet, leikkaustyyppi, leikkauksen kesto ja potilaan omat toiveet. Nuorille potilaille suositellaan yleisanestesiaa psyykkisten seikkojen ja j\u00e4nnityksen vuoksi.<\/p><\/div>\n\t\t\t\t<\/div>\n\t\t\t\t\t\t\t<div class=\"elementor-accordion-item\">\n\t\t\t\t\t<div id=\"elementor-tab-title-1353\" class=\"elementor-tab-title\" data-tab=\"3\" role=\"button\" aria-controls=\"elementor-tab-content-1353\" aria-expanded=\"false\">\n\t\t\t\t\t\t\t\t\t\t\t\t\t<span class=\"elementor-accordion-icon elementor-accordion-icon-right\" aria-hidden=\"true\">\n\t\t\t\t\t\t\t\t\t\t\t\t\t\t\t<span class=\"elementor-accordion-icon-closed\"><i class=\"fas fa-plus\"><\/i><\/span>\n\t\t\t\t\t\t\t\t<span class=\"elementor-accordion-icon-opened\"><i class=\"fas fa-minus\"><\/i><\/span>\n\t\t\t\t\t\t\t\t\t\t\t\t\t\t<\/span>\n\t\t\t\t\t\t\t\t\t\t\t\t<a class=\"elementor-accordion-title\" tabindex=\"0\">P\u00e4\u00e4seek\u00f6 leikkauksen j\u00e4lkeen samana p\u00e4iv\u00e4n\u00e4 kotiin?<\/a>\n\t\t\t\t\t<\/div>\n\t\t\t\t\t<div id=\"elementor-tab-content-1353\" class=\"elementor-tab-content elementor-clearfix\" data-tab=\"3\" role=\"region\" aria-labelledby=\"elementor-tab-title-1353\"><p>Osa jalkakirurgisista leikkauksista on p\u00e4iv\u00e4kirurgisia leikkauksia, jolloin kotiin p\u00e4\u00e4see samana p\u00e4iv\u00e4n\u00e4. Laajojen leikkausten kohdalla p\u00e4iv\u00e4kirurgia ei ole riskien hallinnan kannalta turvallista. Silloin potilas j\u00e4\u00e4 vuodeosastollemme hoitoon 1-2 vrk ajaksi. Vuodeosastollamme on potilaille omat modernisti varustellut potilashuoneet. Vuodeosastohoidon aikana raajaa pidet\u00e4\u00e4n kohoasennossa, sidoksia voidaan vaihtaa ja anestesial\u00e4\u00e4k\u00e4rin kipuhoidot ja puudutukset voidaan toteuttaa valvotusti.<\/p><\/div>\n\t\t\t\t<\/div>\n\t\t\t\t\t\t\t<div class=\"elementor-accordion-item\">\n\t\t\t\t\t<div id=\"elementor-tab-title-1354\" class=\"elementor-tab-title\" data-tab=\"4\" role=\"button\" aria-controls=\"elementor-tab-content-1354\" aria-expanded=\"false\">\n\t\t\t\t\t\t\t\t\t\t\t\t\t<span class=\"elementor-accordion-icon elementor-accordion-icon-right\" aria-hidden=\"true\">\n\t\t\t\t\t\t\t\t\t\t\t\t\t\t\t<span class=\"elementor-accordion-icon-closed\"><i class=\"fas fa-plus\"><\/i><\/span>\n\t\t\t\t\t\t\t\t<span class=\"elementor-accordion-icon-opened\"><i class=\"fas fa-minus\"><\/i><\/span>\n\t\t\t\t\t\t\t\t\t\t\t\t\t\t<\/span>\n\t\t\t\t\t\t\t\t\t\t\t\t<a class=\"elementor-accordion-title\" tabindex=\"0\">Kuinka pitk\u00e4 sairasloma leikkauksen j\u00e4lkeen tulee?<\/a>\n\t\t\t\t\t<\/div>\n\t\t\t\t\t<div id=\"elementor-tab-content-1354\" class=\"elementor-tab-content elementor-clearfix\" data-tab=\"4\" role=\"region\" aria-labelledby=\"elementor-tab-title-1354\"><p>Sairasloman pituus riippuu sek\u00e4 leikkauksen tyypist\u00e4 ett\u00e4 ty\u00f6n vaatimuksista. Jalkater\u00e4n etuosan leikkausten j\u00e4lkeen tyypillinen sairasloman pituus on 6-7 vkoa. Toimistoty\u00f6h\u00f6n paluu sujuu nopeammin kuin fyysiseen tai paljon liikkumista ja matkustelua sis\u00e4lt\u00e4v\u00e4\u00e4n ty\u00f6h\u00f6n. Laajojen leikkausten j\u00e4lkeen sairasloman pituus voi olla jopa 3-4 kk. Osa sairaslomasta menee kuntoutuksen parissa, joka on t\u00e4rke\u00e4 osa hoitoa ja hyv\u00e4n lopputuloksen edellytys.<\/p><\/div>\n\t\t\t\t<\/div>\n\t\t\t\t\t\t\t<div class=\"elementor-accordion-item\">\n\t\t\t\t\t<div id=\"elementor-tab-title-1355\" class=\"elementor-tab-title\" data-tab=\"5\" role=\"button\" aria-controls=\"elementor-tab-content-1355\" aria-expanded=\"false\">\n\t\t\t\t\t\t\t\t\t\t\t\t\t<span class=\"elementor-accordion-icon elementor-accordion-icon-right\" aria-hidden=\"true\">\n\t\t\t\t\t\t\t\t\t\t\t\t\t\t\t<span class=\"elementor-accordion-icon-closed\"><i class=\"fas fa-plus\"><\/i><\/span>\n\t\t\t\t\t\t\t\t<span class=\"elementor-accordion-icon-opened\"><i class=\"fas fa-minus\"><\/i><\/span>\n\t\t\t\t\t\t\t\t\t\t\t\t\t\t<\/span>\n\t\t\t\t\t\t\t\t\t\t\t\t<a class=\"elementor-accordion-title\" tabindex=\"0\">Milloin leikkauksen j\u00e4lkeen voi ajaa autoa?<\/a>\n\t\t\t\t\t<\/div>\n\t\t\t\t\t<div id=\"elementor-tab-content-1355\" class=\"elementor-tab-content elementor-clearfix\" data-tab=\"5\" role=\"region\" aria-labelledby=\"elementor-tab-title-1355\"><p>Autoa ei voi ajaa, jos poljinjalassa on kipsi tai hoitokenk\u00e4. Automaattivaihteista autoa voi siis ajaa, jos on leikattu vasen jalka. T\u00e4m\u00e4kin on turvallista vasta, kun haavat ovat parantuneet ja turvotukset laskeneet eli aikaisintaan 2 vkon kohdalla leikkauksesta.<\/p><\/div>\n\t\t\t\t<\/div>\n\t\t\t\t\t\t\t<div class=\"elementor-accordion-item\">\n\t\t\t\t\t<div id=\"elementor-tab-title-1356\" class=\"elementor-tab-title\" data-tab=\"6\" role=\"button\" aria-controls=\"elementor-tab-content-1356\" aria-expanded=\"false\">\n\t\t\t\t\t\t\t\t\t\t\t\t\t<span class=\"elementor-accordion-icon elementor-accordion-icon-right\" aria-hidden=\"true\">\n\t\t\t\t\t\t\t\t\t\t\t\t\t\t\t<span class=\"elementor-accordion-icon-closed\"><i class=\"fas fa-plus\"><\/i><\/span>\n\t\t\t\t\t\t\t\t<span class=\"elementor-accordion-icon-opened\"><i class=\"fas fa-minus\"><\/i><\/span>\n\t\t\t\t\t\t\t\t\t\t\t\t\t\t<\/span>\n\t\t\t\t\t\t\t\t\t\t\t\t<a class=\"elementor-accordion-title\" tabindex=\"0\">Mitk\u00e4 ovat leikkauksen riskit?<\/a>\n\t\t\t\t\t<\/div>\n\t\t\t\t\t<div id=\"elementor-tab-content-1356\" class=\"elementor-tab-content elementor-clearfix\" data-tab=\"6\" role=\"region\" aria-labelledby=\"elementor-tab-title-1356\"><p>Tavalliset riskit liittyv\u00e4t haavojen paranemiseen ja esim. luudutettavien nivelv\u00e4lien luutumiseen. Riskej\u00e4 hallitaan huolellisella potilasohjauksella ja leikkaustekniikalla. Tupakointi ja diabetes ovat tavallisimmat ongelmia aiheuttavat tekij\u00e4t. Diabeteksen hyv\u00e4 hoitotasapaino ennen ja j\u00e4lkeen leikkauksen on hallittavissa sokerien seurannalla, ruokavaliolla ja l\u00e4\u00e4kityksen tehostamisella. Leikkausta edelt\u00e4v\u00e4sti pitk\u00e4aikainen verensokeri eli HbA1c tulisi olla &lt; 7 %.\u00a0 Tupakoinnin lopetus viimeist\u00e4\u00e4n 1 kk ennen leikkausta on edellytys leikkaukseen p\u00e4\u00e4sylle. Tupakoimattomuutta pit\u00e4\u00e4 jatkaa viel\u00e4 kuukausia senkin j\u00e4lkeen, kun parantuminen on odotettavaa. Jos jalan verenkierron tilasta her\u00e4\u00e4 ep\u00e4ily ennen leikkausta, pyydet\u00e4\u00e4n verisuonikirurgia tekem\u00e4\u00e4n arvio, onko leikkaus verenkierron suhteen turvallinen. Turvotus heikent\u00e4\u00e4 haavojen paranemiskyky\u00e4. Leikkauksen j\u00e4lkeinen turvotus hallitaan raajan kohoasennolla. Haavoilla voidaan k\u00e4ytt\u00e4\u00e4 turvotuksen hoidoksi my\u00f6s erityisi\u00e4 tyhji\u00f6imuhaavatyynyj\u00e4, jos riskit tiedet\u00e4\u00e4n korkeiksi ja leikkaus on kuitenkin v\u00e4ltt\u00e4m\u00e4t\u00f6n. Jos haavojen kanssa tulee ongelmia, koulutetun haavahoitajan ammattitaito on korvaamaton apu haavojen paikallishoidossa. Tapamme on, ett\u00e4 potilasta pyydet\u00e4\u00e4n l\u00e4hett\u00e4m\u00e4\u00e4n valokuvat puhelimen v\u00e4lityksell\u00e4 sek\u00e4 haavahoitajalle ett\u00e4 l\u00e4\u00e4k\u00e4rille, jolloin haavojen paranemista voidaan tarkasti seurata.<\/p><\/div>\n\t\t\t\t<\/div>\n\t\t\t\t\t\t\t<div class=\"elementor-accordion-item\">\n\t\t\t\t\t<div id=\"elementor-tab-title-1357\" class=\"elementor-tab-title\" data-tab=\"7\" role=\"button\" aria-controls=\"elementor-tab-content-1357\" aria-expanded=\"false\">\n\t\t\t\t\t\t\t\t\t\t\t\t\t<span class=\"elementor-accordion-icon elementor-accordion-icon-right\" aria-hidden=\"true\">\n\t\t\t\t\t\t\t\t\t\t\t\t\t\t\t<span class=\"elementor-accordion-icon-closed\"><i class=\"fas fa-plus\"><\/i><\/span>\n\t\t\t\t\t\t\t\t<span class=\"elementor-accordion-icon-opened\"><i class=\"fas fa-minus\"><\/i><\/span>\n\t\t\t\t\t\t\t\t\t\t\t\t\t\t<\/span>\n\t\t\t\t\t\t\t\t\t\t\t\t<a class=\"elementor-accordion-title\" tabindex=\"0\">Miten leikkaukseen p\u00e4\u00e4see?<\/a>\n\t\t\t\t\t<\/div>\n\t\t\t\t\t<div id=\"elementor-tab-content-1357\" class=\"elementor-tab-content elementor-clearfix\" data-tab=\"7\" role=\"region\" aria-labelledby=\"elementor-tab-title-1357\"><p>Vastaanottok\u00e4ynnill\u00e4 tehd\u00e4\u00e4n perusteellinen kliininen tutkimus ja tutkimusta t\u00e4ydennet\u00e4\u00e4n kuvantamisilla. Kun leikkausaihe on selv\u00e4, voidaan leikkaus sopia teht\u00e4v\u00e4ksi. Jos sinulla on tutkimusta vaativia perussairauksia, tehd\u00e4\u00e4n laboratoriokokeet ja tarvittaessa toisten erikoisalojen konsultaatiok\u00e4ynnit leikkausta edelt\u00e4v\u00e4sti.<\/p><\/div>\n\t\t\t\t<\/div>\n\t\t\t\t\t\t\t\t<\/div>\n\t\t\t\t\t\t<\/div>\n\t\t\t\t<\/div>\n\t\t\t\t\t<\/div>\n\t\t<\/div>\n\t\t\t\t\t<\/div>\n\t\t<\/section>\n\t\t\t\t<div class=\"elementor-element elementor-element-cfb8f74 elementor-widget elementor-widget-spacer\" data-id=\"cfb8f74\" data-element_type=\"widget\" data-e-type=\"widget\" data-widget_type=\"spacer.default\">\n\t\t\t\t<div class=\"elementor-widget-container\">\n\t\t\t\t\t\t\t<div class=\"elementor-spacer\">\n\t\t\t<div class=\"elementor-spacer-inner\"><\/div>\n\t\t<\/div>\n\t\t\t\t\t\t<\/div>\n\t\t\t\t<\/div>\n\t\t\t\t\t<\/div>\n\t\t<\/div>\n\t\t\t\t\t<\/div>\n\t\t<\/section>\n\t\t\t\t<section class=\"elementor-section elementor-top-section elementor-element elementor-element-1ec0567 elementor-section-boxed elementor-section-height-default elementor-section-height-default\" data-id=\"1ec0567\" data-element_type=\"section\" data-e-type=\"section\">\n\t\t\t\t\t\t<div class=\"elementor-container elementor-column-gap-default\">\n\t\t\t\t\t<div class=\"elementor-column elementor-col-100 elementor-top-column elementor-element elementor-element-5b2dd8d\" data-id=\"5b2dd8d\" data-element_type=\"column\" data-e-type=\"column\">\n\t\t\t<div class=\"elementor-widget-wrap\">\n\t\t\t\t\t\t\t<\/div>\n\t\t<\/div>\n\t\t\t\t\t<\/div>\n\t\t<\/section>\n\t\t\t\t<\/div>\n\t\t","protected":false},"excerpt":{"rendered":"<p>Usein kysytty\u00e4 Onko leikkauksen j\u00e4lkeen kipuja? Leikkauksen j\u00e4lkeisen kivun hoidoksi tehd\u00e4\u00e4n erilaisia puudutuksia. Laitan itse kaikille jalkater\u00e4n etuosan leikkauspotilaille leikkauksen yhteydess\u00e4 nilkan johtopuudutuksen pitk\u00e4vaikutteisella paikallispuudutteella. Puudutuksen vaikutus kest\u00e4\u00e4 n. 17 tuntia ja puuduttaa tehokkaasti koko jalkater\u00e4\u00e4 est\u00e4en leikkauksen j\u00e4lkeist\u00e4 kipua. Paikallispuudute laitetaan my\u00f6s nilkan leikkaushaavoihin. Puudutusten avulla kotiinl\u00e4ht\u00f6 on helppoa p\u00e4iv\u00e4kirurgisten leikkausten j\u00e4lkeen. Laajoissa leikkauksissa [&hellip;]<\/p>\n","protected":false},"author":1,"featured_media":0,"parent":0,"menu_order":0,"comment_status":"closed","ping_status":"closed","template":"","meta":{"om_disable_all_campaigns":false,"_monsterinsights_skip_tracking":false,"_monsterinsights_sitenote_active":false,"_monsterinsights_sitenote_note":"","_monsterinsights_sitenote_category":0,"_uf_show_specific_survey":0,"_uf_disable_surveys":false,"site-sidebar-layout":"no-sidebar","site-content-layout":"page-builder","ast-site-content-layout":"default","site-content-style":"default","site-sidebar-style":"default","ast-global-header-display":"","ast-banner-title-visibility":"","ast-main-header-display":"","ast-hfb-above-header-display":"","ast-hfb-below-header-display":"","ast-hfb-mobile-header-display":"","site-post-title":"disabled","ast-breadcrumbs-content":"","ast-featured-img":"disabled","footer-sml-layout":"","ast-disable-related-posts":"","theme-transparent-header-meta":"","adv-header-id-meta":"","stick-header-meta":"","header-above-stick-meta":"","header-main-stick-meta":"","header-below-stick-meta":"","astra-migrate-meta-layouts":"default","ast-page-background-enabled":"default","ast-page-background-meta":{"desktop":{"background-color":"var(--ast-global-color-4)","background-image":"","background-repeat":"repeat","background-position":"center center","background-size":"auto","background-attachment":"scroll","background-type":"","background-media":"","overlay-type":"","overlay-color":"","overlay-opacity":"","overlay-gradient":""},"tablet":{"background-color":"","background-image":"","background-repeat":"repeat","background-position":"center center","background-size":"auto","background-attachment":"scroll","background-type":"","background-media":"","overlay-type":"","overlay-color":"","overlay-opacity":"","overlay-gradient":""},"mobile":{"background-color":"","background-image":"","background-repeat":"repeat","background-position":"center center","background-size":"auto","background-attachment":"scroll","background-type":"","background-media":"","overlay-type":"","overlay-color":"","overlay-opacity":"","overlay-gradient":""}},"ast-content-background-meta":{"desktop":{"background-color":"var(--ast-global-color-5)","background-image":"","background-repeat":"repeat","background-position":"center center","background-size":"auto","background-attachment":"scroll","background-type":"","background-media":"","overlay-type":"","overlay-color":"","overlay-opacity":"","overlay-gradient":""},"tablet":{"background-color":"var(--ast-global-color-5)","background-image":"","background-repeat":"repeat","background-position":"center center","background-size":"auto","background-attachment":"scroll","background-type":"","background-media":"","overlay-type":"","overlay-color":"","overlay-opacity":"","overlay-gradient":""},"mobile":{"background-color":"var(--ast-global-color-5)","background-image":"","background-repeat":"repeat","background-position":"center center","background-size":"auto","background-attachment":"scroll","background-type":"","background-media":"","overlay-type":"","overlay-color":"","overlay-opacity":"","overlay-gradient":""}},"footnotes":""},"class_list":["post-1774","page","type-page","status-publish","hentry"],"aioseo_notices":[],"_links":{"self":[{"href":"https:\/\/www.anumykkanen.fi\/index.php?rest_route=\/wp\/v2\/pages\/1774","targetHints":{"allow":["GET"]}}],"collection":[{"href":"https:\/\/www.anumykkanen.fi\/index.php?rest_route=\/wp\/v2\/pages"}],"about":[{"href":"https:\/\/www.anumykkanen.fi\/index.php?rest_route=\/wp\/v2\/types\/page"}],"author":[{"embeddable":true,"href":"https:\/\/www.anumykkanen.fi\/index.php?rest_route=\/wp\/v2\/users\/1"}],"replies":[{"embeddable":true,"href":"https:\/\/www.anumykkanen.fi\/index.php?rest_route=%2Fwp%2Fv2%2Fcomments&post=1774"}],"version-history":[{"count":61,"href":"https:\/\/www.anumykkanen.fi\/index.php?rest_route=\/wp\/v2\/pages\/1774\/revisions"}],"predecessor-version":[{"id":3163,"href":"https:\/\/www.anumykkanen.fi\/index.php?rest_route=\/wp\/v2\/pages\/1774\/revisions\/3163"}],"wp:attachment":[{"href":"https:\/\/www.anumykkanen.fi\/index.php?rest_route=%2Fwp%2Fv2%2Fmedia&parent=1774"}],"curies":[{"name":"wp","href":"https:\/\/api.w.org\/{rel}","templated":true}]}}