{"id":2825,"date":"2023-04-15T18:43:57","date_gmt":"2023-04-15T16:43:57","guid":{"rendered":"http:\/\/www.anumykkanen.fi\/?page_id=2825"},"modified":"2023-10-17T19:07:39","modified_gmt":"2023-10-17T17:07:39","slug":"suunnittelu-ja-valmistautuminen","status":"publish","type":"page","link":"https:\/\/www.anumykkanen.fi\/?page_id=2825","title":{"rendered":"Suunnittelu ja valmistautuminen"},"content":{"rendered":"\t\t<div data-elementor-type=\"wp-page\" data-elementor-id=\"2825\" class=\"elementor elementor-2825\">\n\t\t\t\t\t\t<section class=\"elementor-section elementor-top-section elementor-element elementor-element-7itggyb elementor-section-height-min-height elementor-section-boxed elementor-section-height-default elementor-section-items-middle\" data-id=\"7itggyb\" data-element_type=\"section\" data-e-type=\"section\" data-settings=\"{&quot;background_background&quot;:&quot;classic&quot;}\">\n\t\t\t\t\t\t\t<div class=\"elementor-background-overlay\"><\/div>\n\t\t\t\t\t\t\t<div class=\"elementor-container elementor-column-gap-default\">\n\t\t\t\t\t<div class=\"elementor-column elementor-col-100 elementor-top-column elementor-element elementor-element-6a5337e\" data-id=\"6a5337e\" data-element_type=\"column\" data-e-type=\"column\">\n\t\t\t<div class=\"elementor-widget-wrap elementor-element-populated\">\n\t\t\t\t\t\t<div class=\"elementor-element elementor-element-feefb6c elementor-widget elementor-widget-heading\" data-id=\"feefb6c\" data-element_type=\"widget\" data-e-type=\"widget\" data-widget_type=\"heading.default\">\n\t\t\t\t<div class=\"elementor-widget-container\">\n\t\t\t\t\t<h1 class=\"elementor-heading-title elementor-size-default\">Ennen leikkausta<\/h1>\t\t\t\t<\/div>\n\t\t\t\t<\/div>\n\t\t\t\t\t<\/div>\n\t\t<\/div>\n\t\t\t\t\t<\/div>\n\t\t<\/section>\n\t\t\t\t<section class=\"elementor-section elementor-top-section elementor-element elementor-element-p0wrp56 elementor-section-boxed elementor-section-height-default elementor-section-height-default\" data-id=\"p0wrp56\" data-element_type=\"section\" data-e-type=\"section\">\n\t\t\t\t\t\t<div class=\"elementor-container elementor-column-gap-default\">\n\t\t\t\t\t<div class=\"elementor-column elementor-col-100 elementor-top-column elementor-element elementor-element-ba0c118\" data-id=\"ba0c118\" data-element_type=\"column\" data-e-type=\"column\">\n\t\t\t<div class=\"elementor-widget-wrap elementor-element-populated\">\n\t\t\t\t\t\t<div class=\"elementor-element elementor-element-8629250 elementor-widget elementor-widget-spacer\" data-id=\"8629250\" data-element_type=\"widget\" data-e-type=\"widget\" data-widget_type=\"spacer.default\">\n\t\t\t\t<div class=\"elementor-widget-container\">\n\t\t\t\t\t\t\t<div class=\"elementor-spacer\">\n\t\t\t<div class=\"elementor-spacer-inner\"><\/div>\n\t\t<\/div>\n\t\t\t\t\t\t<\/div>\n\t\t\t\t<\/div>\n\t\t\t\t<div class=\"elementor-element elementor-element-42c24cf elementor-widget elementor-widget-heading\" data-id=\"42c24cf\" data-element_type=\"widget\" data-e-type=\"widget\" data-widget_type=\"heading.default\">\n\t\t\t\t<div class=\"elementor-widget-container\">\n\t\t\t\t\t<h2 class=\"elementor-heading-title elementor-size-default\">Leikkauksen suunnittelu<\/h2>\t\t\t\t<\/div>\n\t\t\t\t<\/div>\n\t\t\t\t<div class=\"elementor-element elementor-element-1dec56b elementor-widget elementor-widget-text-editor\" data-id=\"1dec56b\" data-element_type=\"widget\" data-e-type=\"widget\" data-widget_type=\"text-editor.default\">\n\t\t\t\t<div class=\"elementor-widget-container\">\n\t\t\t\t\t\t\t\t\t<p style=\"font-weight: 400;\">Leikkaus sovitaan kirurgin kanssa. Leikkausajankohta pyrit\u00e4\u00e4n sijoittamaan mahdollisimman tarkkaan potilaan toiveiden mukaiseksi. Leikkausta suunniteltaessa on t\u00e4rke\u00e4\u00e4 k\u00e4yd\u00e4 kirurgin kanssa l\u00e4pi perussairaudet ja l\u00e4\u00e4kitykset. Kirurgi tekee l\u00e4hetteen leikkausosastolle ja pyyt\u00e4\u00e4 tarvittaessa anestesial\u00e4\u00e4k\u00e4rilt\u00e4 konsultaation. Kipul\u00e4\u00e4kkeet voidaan tarpeen mukaan kirjoittaa reseptille ja hakea etuk\u00e4teen. Jos kotiutuessa on odotettavissa haasteita liikkumisessa, voidaan potilas ohjata fysioterapeutin luo leikkausta edelt\u00e4v\u00e4lle k\u00e4ynnille opettelemaan kyyn\u00e4rsauvak\u00e4vely\u00e4.<\/p>\t\t\t\t\t\t\t\t<\/div>\n\t\t\t\t<\/div>\n\t\t\t\t<div class=\"elementor-element elementor-element-65fb322 elementor-widget elementor-widget-spacer\" data-id=\"65fb322\" data-element_type=\"widget\" data-e-type=\"widget\" data-widget_type=\"spacer.default\">\n\t\t\t\t<div class=\"elementor-widget-container\">\n\t\t\t\t\t\t\t<div class=\"elementor-spacer\">\n\t\t\t<div class=\"elementor-spacer-inner\"><\/div>\n\t\t<\/div>\n\t\t\t\t\t\t<\/div>\n\t\t\t\t<\/div>\n\t\t\t\t<div class=\"elementor-element elementor-element-0a452cf elementor-widget elementor-widget-heading\" data-id=\"0a452cf\" data-element_type=\"widget\" data-e-type=\"widget\" data-widget_type=\"heading.default\">\n\t\t\t\t<div class=\"elementor-widget-container\">\n\t\t\t\t\t<h2 class=\"elementor-heading-title elementor-size-default\">Koordinaattorin yhteydenotto<\/h2>\t\t\t\t<\/div>\n\t\t\t\t<\/div>\n\t\t\t\t<div class=\"elementor-element elementor-element-45cf1a7 elementor-widget elementor-widget-text-editor\" data-id=\"45cf1a7\" data-element_type=\"widget\" data-e-type=\"widget\" data-widget_type=\"text-editor.default\">\n\t\t\t\t<div class=\"elementor-widget-container\">\n\t\t\t\t\t\t\t\t\t<p style=\"font-weight: 400;\">Leikkausajankohdan l\u00e4hestyess\u00e4 leikkausosaston koordinaattori toimittaa potilaalle esitietokaavakkeet t\u00e4ytett\u00e4v\u00e4ksi ja ottaa puhelimitse yhteytt\u00e4. Koordinaattori soittaa potilaalle viimeist\u00e4\u00e4n silloin, kun vakuutusyhti\u00f6 on vahvistanut maksusitoumuksen. Koordinaattori k\u00e4y potilaan kanssa l\u00e4pi valmistautumiseen, sairaalaan saapumiseen ja leikkausosastolta kotiutumiseen liittyvi\u00e4 asioita. Koordinaattori informoi potilasta omien l\u00e4\u00e4kkeiden tauotuksista. Verenohennusl\u00e4\u00e4kkeiden tauotus ja tehd\u00e4\u00e4n anestesial\u00e4\u00e4k\u00e4rin ohjeiden mukaan ja koordinaattori ohjeistaa potilasta suunnitelmasta.<\/p>\t\t\t\t\t\t\t\t<\/div>\n\t\t\t\t<\/div>\n\t\t\t\t<div class=\"elementor-element elementor-element-db86161 elementor-widget elementor-widget-spacer\" data-id=\"db86161\" data-element_type=\"widget\" data-e-type=\"widget\" data-widget_type=\"spacer.default\">\n\t\t\t\t<div class=\"elementor-widget-container\">\n\t\t\t\t\t\t\t<div class=\"elementor-spacer\">\n\t\t\t<div class=\"elementor-spacer-inner\"><\/div>\n\t\t<\/div>\n\t\t\t\t\t\t<\/div>\n\t\t\t\t<\/div>\n\t\t\t\t<div class=\"elementor-element elementor-element-b30c6e9 elementor-widget elementor-widget-heading\" data-id=\"b30c6e9\" data-element_type=\"widget\" data-e-type=\"widget\" data-widget_type=\"heading.default\">\n\t\t\t\t<div class=\"elementor-widget-container\">\n\t\t\t\t\t<h2 class=\"elementor-heading-title elementor-size-default\">Potilaan oma valmistautuminen<\/h2>\t\t\t\t<\/div>\n\t\t\t\t<\/div>\n\t\t\t\t<div class=\"elementor-element elementor-element-d22dd25 elementor-widget elementor-widget-text-editor\" data-id=\"d22dd25\" data-element_type=\"widget\" data-e-type=\"widget\" data-widget_type=\"text-editor.default\">\n\t\t\t\t<div class=\"elementor-widget-container\">\n\t\t\t\t\t\t\t\t\t<p style=\"font-weight: 400;\">Kotiutumisen j\u00e4lkeen potilaan t\u00e4rkein omahoito on raajan kohoasento ja mahdollisimman v\u00e4h\u00e4inen liikkuminen. Kohoasento toteutetaan tyynypinkan avulla. Tavoite ensimm\u00e4isten vuorokausien ajan on jalan pit\u00e4minen syd\u00e4men tason yl\u00e4puolella. Kotiin hankitaan valmiiksi tarvittavat suihkujakkarat ja raajojen pituuseroa tasaava kenk\u00e4 toiseen jalkaan niiss\u00e4 tapauksissa, kun j\u00e4lkihoitona on kantakenk\u00e4 tai kipsi. Keng\u00e4npohjan korkeuden tulisi olla 3 cm my\u00f6s sis\u00e4tiloissa liikkuessa. Kyseinen valittu sis\u00e4kenk\u00e4 kannattaa ottaa mukaan sairaalaan helpottamaan k\u00e4velyharjoitusta. Sairaalaan tullessa kannattaa pukeutua l\u00f6ysiin ja leve\u00e4lahkeisiin housuihin, sill\u00e4 sidokset ovat pukiessa tilaa vievi\u00e4.<\/p>\t\t\t\t\t\t\t\t<\/div>\n\t\t\t\t<\/div>\n\t\t\t\t<div class=\"elementor-element elementor-element-02a903f elementor-widget elementor-widget-spacer\" data-id=\"02a903f\" data-element_type=\"widget\" data-e-type=\"widget\" data-widget_type=\"spacer.default\">\n\t\t\t\t<div class=\"elementor-widget-container\">\n\t\t\t\t\t\t\t<div class=\"elementor-spacer\">\n\t\t\t<div class=\"elementor-spacer-inner\"><\/div>\n\t\t<\/div>\n\t\t\t\t\t\t<\/div>\n\t\t\t\t<\/div>\n\t\t\t\t<div class=\"elementor-element elementor-element-665ae30 elementor-widget elementor-widget-spacer\" data-id=\"665ae30\" data-element_type=\"widget\" data-e-type=\"widget\" data-widget_type=\"spacer.default\">\n\t\t\t\t<div class=\"elementor-widget-container\">\n\t\t\t\t\t\t\t<div class=\"elementor-spacer\">\n\t\t\t<div class=\"elementor-spacer-inner\"><\/div>\n\t\t<\/div>\n\t\t\t\t\t\t<\/div>\n\t\t\t\t<\/div>\n\t\t\t\t\t<\/div>\n\t\t<\/div>\n\t\t\t\t\t<\/div>\n\t\t<\/section>\n\t\t\t\t<\/div>\n\t\t","protected":false},"excerpt":{"rendered":"<p>Ennen leikkausta Leikkauksen suunnittelu Leikkaus sovitaan kirurgin kanssa. Leikkausajankohta pyrit\u00e4\u00e4n sijoittamaan mahdollisimman tarkkaan potilaan toiveiden mukaiseksi. Leikkausta suunniteltaessa on t\u00e4rke\u00e4\u00e4 k\u00e4yd\u00e4 kirurgin kanssa l\u00e4pi perussairaudet ja l\u00e4\u00e4kitykset. Kirurgi tekee l\u00e4hetteen leikkausosastolle ja pyyt\u00e4\u00e4 tarvittaessa anestesial\u00e4\u00e4k\u00e4rilt\u00e4 konsultaation. Kipul\u00e4\u00e4kkeet voidaan tarpeen mukaan kirjoittaa reseptille ja hakea etuk\u00e4teen. Jos kotiutuessa on odotettavissa haasteita liikkumisessa, voidaan potilas ohjata fysioterapeutin [&hellip;]<\/p>\n","protected":false},"author":1,"featured_media":0,"parent":0,"menu_order":0,"comment_status":"closed","ping_status":"closed","template":"","meta":{"om_disable_all_campaigns":false,"_monsterinsights_skip_tracking":false,"_monsterinsights_sitenote_active":false,"_monsterinsights_sitenote_note":"","_monsterinsights_sitenote_category":0,"_uf_show_specific_survey":0,"_uf_disable_surveys":false,"site-sidebar-layout":"no-sidebar","site-content-layout":"page-builder","ast-site-content-layout":"default","site-content-style":"default","site-sidebar-style":"default","ast-global-header-display":"","ast-banner-title-visibility":"","ast-main-header-display":"","ast-hfb-above-header-display":"","ast-hfb-below-header-display":"","ast-hfb-mobile-header-display":"","site-post-title":"disabled","ast-breadcrumbs-content":"","ast-featured-img":"disabled","footer-sml-layout":"","ast-disable-related-posts":"","theme-transparent-header-meta":"","adv-header-id-meta":"","stick-header-meta":"","header-above-stick-meta":"","header-main-stick-meta":"","header-below-stick-meta":"","astra-migrate-meta-layouts":"default","ast-page-background-enabled":"default","ast-page-background-meta":{"desktop":{"background-color":"var(--ast-global-color-4)","background-image":"","background-repeat":"repeat","background-position":"center center","background-size":"auto","background-attachment":"scroll","background-type":"","background-media":"","overlay-type":"","overlay-color":"","overlay-opacity":"","overlay-gradient":""},"tablet":{"background-color":"","background-image":"","background-repeat":"repeat","background-position":"center center","background-size":"auto","background-attachment":"scroll","background-type":"","background-media":"","overlay-type":"","overlay-color":"","overlay-opacity":"","overlay-gradient":""},"mobile":{"background-color":"","background-image":"","background-repeat":"repeat","background-position":"center center","background-size":"auto","background-attachment":"scroll","background-type":"","background-media":"","overlay-type":"","overlay-color":"","overlay-opacity":"","overlay-gradient":""}},"ast-content-background-meta":{"desktop":{"background-color":"var(--ast-global-color-5)","background-image":"","background-repeat":"repeat","background-position":"center center","background-size":"auto","background-attachment":"scroll","background-type":"","background-media":"","overlay-type":"","overlay-color":"","overlay-opacity":"","overlay-gradient":""},"tablet":{"background-color":"var(--ast-global-color-5)","background-image":"","background-repeat":"repeat","background-position":"center center","background-size":"auto","background-attachment":"scroll","background-type":"","background-media":"","overlay-type":"","overlay-color":"","overlay-opacity":"","overlay-gradient":""},"mobile":{"background-color":"var(--ast-global-color-5)","background-image":"","background-repeat":"repeat","background-position":"center center","background-size":"auto","background-attachment":"scroll","background-type":"","background-media":"","overlay-type":"","overlay-color":"","overlay-opacity":"","overlay-gradient":""}},"footnotes":""},"class_list":["post-2825","page","type-page","status-publish","hentry"],"aioseo_notices":[],"_links":{"self":[{"href":"https:\/\/www.anumykkanen.fi\/index.php?rest_route=\/wp\/v2\/pages\/2825","targetHints":{"allow":["GET"]}}],"collection":[{"href":"https:\/\/www.anumykkanen.fi\/index.php?rest_route=\/wp\/v2\/pages"}],"about":[{"href":"https:\/\/www.anumykkanen.fi\/index.php?rest_route=\/wp\/v2\/types\/page"}],"author":[{"embeddable":true,"href":"https:\/\/www.anumykkanen.fi\/index.php?rest_route=\/wp\/v2\/users\/1"}],"replies":[{"embeddable":true,"href":"https:\/\/www.anumykkanen.fi\/index.php?rest_route=%2Fwp%2Fv2%2Fcomments&post=2825"}],"version-history":[{"count":19,"href":"https:\/\/www.anumykkanen.fi\/index.php?rest_route=\/wp\/v2\/pages\/2825\/revisions"}],"predecessor-version":[{"id":3559,"href":"https:\/\/www.anumykkanen.fi\/index.php?rest_route=\/wp\/v2\/pages\/2825\/revisions\/3559"}],"wp:attachment":[{"href":"https:\/\/www.anumykkanen.fi\/index.php?rest_route=%2Fwp%2Fv2%2Fmedia&parent=2825"}],"curies":[{"name":"wp","href":"https:\/\/api.w.org\/{rel}","templated":true}]}}