{"id":2827,"date":"2023-04-15T18:45:09","date_gmt":"2023-04-15T16:45:09","guid":{"rendered":"http:\/\/www.anumykkanen.fi\/?page_id=2827"},"modified":"2025-03-30T14:07:24","modified_gmt":"2025-03-30T12:07:24","slug":"sairaalassa","status":"publish","type":"page","link":"https:\/\/www.anumykkanen.fi\/?page_id=2827","title":{"rendered":"Sairaalassa"},"content":{"rendered":"\t\t<div data-elementor-type=\"wp-page\" data-elementor-id=\"2827\" class=\"elementor elementor-2827\">\n\t\t\t\t\t\t<section class=\"elementor-section elementor-top-section elementor-element elementor-element-2392c5a elementor-section-height-min-height elementor-section-boxed elementor-section-height-default elementor-section-items-middle\" data-id=\"2392c5a\" data-element_type=\"section\" data-e-type=\"section\" data-settings=\"{&quot;background_background&quot;:&quot;classic&quot;}\">\n\t\t\t\t\t\t\t<div class=\"elementor-background-overlay\"><\/div>\n\t\t\t\t\t\t\t<div class=\"elementor-container elementor-column-gap-default\">\n\t\t\t\t\t<div class=\"elementor-column elementor-col-100 elementor-top-column elementor-element elementor-element-4656cf6\" data-id=\"4656cf6\" data-element_type=\"column\" data-e-type=\"column\">\n\t\t\t<div class=\"elementor-widget-wrap elementor-element-populated\">\n\t\t\t\t\t\t<div class=\"elementor-element elementor-element-861fdf6 elementor-widget elementor-widget-heading\" data-id=\"861fdf6\" data-element_type=\"widget\" data-e-type=\"widget\" data-widget_type=\"heading.default\">\n\t\t\t\t<div class=\"elementor-widget-container\">\n\t\t\t\t\t<h1 class=\"elementor-heading-title elementor-size-default\">Sairaalassa<\/h1>\t\t\t\t<\/div>\n\t\t\t\t<\/div>\n\t\t\t\t\t<\/div>\n\t\t<\/div>\n\t\t\t\t\t<\/div>\n\t\t<\/section>\n\t\t\t\t<section class=\"elementor-section elementor-top-section elementor-element elementor-element-b1bcd6d elementor-section-boxed elementor-section-height-default elementor-section-height-default\" data-id=\"b1bcd6d\" data-element_type=\"section\" data-e-type=\"section\">\n\t\t\t\t\t\t<div class=\"elementor-container elementor-column-gap-default\">\n\t\t\t\t\t<div class=\"elementor-column elementor-col-100 elementor-top-column elementor-element elementor-element-4481892\" data-id=\"4481892\" data-element_type=\"column\" data-e-type=\"column\">\n\t\t\t<div class=\"elementor-widget-wrap elementor-element-populated\">\n\t\t\t\t\t\t<div class=\"elementor-element elementor-element-26c86a0 elementor-widget elementor-widget-spacer\" data-id=\"26c86a0\" data-element_type=\"widget\" data-e-type=\"widget\" data-widget_type=\"spacer.default\">\n\t\t\t\t<div class=\"elementor-widget-container\">\n\t\t\t\t\t\t\t<div class=\"elementor-spacer\">\n\t\t\t<div class=\"elementor-spacer-inner\"><\/div>\n\t\t<\/div>\n\t\t\t\t\t\t<\/div>\n\t\t\t\t<\/div>\n\t\t\t\t<div class=\"elementor-element elementor-element-28ff08f elementor-widget elementor-widget-heading\" data-id=\"28ff08f\" data-element_type=\"widget\" data-e-type=\"widget\" data-widget_type=\"heading.default\">\n\t\t\t\t<div class=\"elementor-widget-container\">\n\t\t\t\t\t<h2 class=\"elementor-heading-title elementor-size-default\">Aamulla ennen leikkausta<\/h2>\t\t\t\t<\/div>\n\t\t\t\t<\/div>\n\t\t\t\t<div class=\"elementor-element elementor-element-01dcc51 elementor-widget elementor-widget-text-editor\" data-id=\"01dcc51\" data-element_type=\"widget\" data-e-type=\"widget\" data-widget_type=\"text-editor.default\">\n\t\t\t\t<div class=\"elementor-widget-container\">\n\t\t\t\t\t\t\t\t\t<p style=\"font-weight: 400;\">Leikkausp\u00e4iv\u00e4n aamulla potilas tulee leikkausosastolle noudattaen saamiaan ohjeita ravinnotta olosta. Potilas tapaa kirurgin ja anestesial\u00e4\u00e4k\u00e4rin ennen toimenpidett\u00e4. Kirurgi tarkastaa leikkausalueen ihon ja merkitsee avauksen paikan tussilla iholle. Anestesial\u00e4\u00e4k\u00e4ri ja potilas sopivat anestesiamuodosta. Jos on ohjelmoitu polvitaivepuudutus, anestesial\u00e4\u00e4k\u00e4ri tekee sen her\u00e4\u00e4m\u00f6ss\u00e4 ennen leikkaussaliin siirtymist\u00e4. Reseptit ja sairaslomatodistus kirjoitetaan valmiiksi.<\/p>\t\t\t\t\t\t\t\t<\/div>\n\t\t\t\t<\/div>\n\t\t\t\t<div class=\"elementor-element elementor-element-10637f6 elementor-widget elementor-widget-spacer\" data-id=\"10637f6\" data-element_type=\"widget\" data-e-type=\"widget\" data-widget_type=\"spacer.default\">\n\t\t\t\t<div class=\"elementor-widget-container\">\n\t\t\t\t\t\t\t<div class=\"elementor-spacer\">\n\t\t\t<div class=\"elementor-spacer-inner\"><\/div>\n\t\t<\/div>\n\t\t\t\t\t\t<\/div>\n\t\t\t\t<\/div>\n\t\t\t\t<div class=\"elementor-element elementor-element-636d07a elementor-widget elementor-widget-heading\" data-id=\"636d07a\" data-element_type=\"widget\" data-e-type=\"widget\" data-widget_type=\"heading.default\">\n\t\t\t\t<div class=\"elementor-widget-container\">\n\t\t\t\t\t<h2 class=\"elementor-heading-title elementor-size-default\">Her\u00e4\u00e4m\u00f6ss\u00e4<\/h2>\t\t\t\t<\/div>\n\t\t\t\t<\/div>\n\t\t\t\t<div class=\"elementor-element elementor-element-6c027be elementor-widget elementor-widget-text-editor\" data-id=\"6c027be\" data-element_type=\"widget\" data-e-type=\"widget\" data-widget_type=\"text-editor.default\">\n\t\t\t\t<div class=\"elementor-widget-container\">\n\t\t\t\t\t\t\t\t\t<p style=\"font-weight: 400;\">Leikkauksen j\u00e4lkiseuranta tapahtuu her\u00e4\u00e4m\u00f6ss\u00e4 raaja kohoasentoon tuettuna muutaman tunnin ajan. Leikkausosaston fysioterapeutti opastaa apuv\u00e4lineiden k\u00e4yt\u00f6n ja varmistaa, ett\u00e4 apuv\u00e4lineill\u00e4 liikkuminen tapahtuu kirurgin ohjeen mukaan. Ajanvaraukset tehd\u00e4\u00e4n tikkien poistoa ja j\u00e4lkitarkastusta ja ensimm\u00e4ist\u00e4 kuntoutusk\u00e4ynti\u00e4 varten. Osastohoitoon j\u00e4\u00e4v\u00e4 potilas siirtyy her\u00e4\u00e4m\u00f6seurannan j\u00e4lkeen vuodeosastolle. Vuodeosastolla jatkohoito-ohjeiden l\u00e4pik\u00e4ynti ja fysioterapeutin ohjaus liikkumiseen tapahtuu vasta kotiinl\u00e4ht\u00f6p\u00e4iv\u00e4n aamulla.<\/p>\t\t\t\t\t\t\t\t<\/div>\n\t\t\t\t<\/div>\n\t\t\t\t<div class=\"elementor-element elementor-element-f656372 elementor-widget elementor-widget-spacer\" data-id=\"f656372\" data-element_type=\"widget\" data-e-type=\"widget\" data-widget_type=\"spacer.default\">\n\t\t\t\t<div class=\"elementor-widget-container\">\n\t\t\t\t\t\t\t<div class=\"elementor-spacer\">\n\t\t\t<div class=\"elementor-spacer-inner\"><\/div>\n\t\t<\/div>\n\t\t\t\t\t\t<\/div>\n\t\t\t\t<\/div>\n\t\t\t\t<div class=\"elementor-element elementor-element-ade9af0 elementor-widget elementor-widget-heading\" data-id=\"ade9af0\" data-element_type=\"widget\" data-e-type=\"widget\" data-widget_type=\"heading.default\">\n\t\t\t\t<div class=\"elementor-widget-container\">\n\t\t\t\t\t<h2 class=\"elementor-heading-title elementor-size-default\">Kotiutuessa<\/h2>\t\t\t\t<\/div>\n\t\t\t\t<\/div>\n\t\t\t\t<div class=\"elementor-element elementor-element-4ab290d elementor-widget elementor-widget-text-editor\" data-id=\"4ab290d\" data-element_type=\"widget\" data-e-type=\"widget\" data-widget_type=\"text-editor.default\">\n\t\t\t\t<div class=\"elementor-widget-container\">\n\t\t\t\t\t\t\t\t\t<p style=\"font-weight: 400;\">Jos sidoksissa on l\u00e4pivuotoa, vaihdetaan uudet sidokset sairaalassa ennen kotiin l\u00e4ht\u00f6\u00e4. Jos vuotoa ilmenee sidosten l\u00e4pi kotiutumisen j\u00e4lkeen, potilas ottaa yhteytt\u00e4 suoraan haavahoitajaan ja sopii sidosten vaihdon. Sidosten vaihto tehd\u00e4\u00e4n siisteyssyist\u00e4, se voi tapahtua l\u00e4hip\u00e4ivin\u00e4 eik\u00e4 se ole jalan kannalta kiireellist\u00e4. Haava ja sidokset ohjeistetaan pit\u00e4m\u00e4\u00e4n kuivina kotona pesujen aikana. Kotimatkalla auton takapenkill\u00e4 istuessa kannattaa raaja pit\u00e4\u00e4 penkille nostettuna ja kohottaa muutamalla tyynyll\u00e4, jotka hakija on ottanut kotoa mukaan.<\/p>\t\t\t\t\t\t\t\t<\/div>\n\t\t\t\t<\/div>\n\t\t\t\t<div class=\"elementor-element elementor-element-9cbdff5 elementor-widget elementor-widget-spacer\" data-id=\"9cbdff5\" data-element_type=\"widget\" data-e-type=\"widget\" data-widget_type=\"spacer.default\">\n\t\t\t\t<div class=\"elementor-widget-container\">\n\t\t\t\t\t\t\t<div class=\"elementor-spacer\">\n\t\t\t<div class=\"elementor-spacer-inner\"><\/div>\n\t\t<\/div>\n\t\t\t\t\t\t<\/div>\n\t\t\t\t<\/div>\n\t\t\t\t\t<\/div>\n\t\t<\/div>\n\t\t\t\t\t<\/div>\n\t\t<\/section>\n\t\t\t\t<section class=\"elementor-section elementor-top-section elementor-element elementor-element-b393b1a elementor-section-boxed elementor-section-height-default elementor-section-height-default\" data-id=\"b393b1a\" data-element_type=\"section\" data-e-type=\"section\">\n\t\t\t\t\t\t<div class=\"elementor-container elementor-column-gap-default\">\n\t\t\t\t\t<div class=\"elementor-column elementor-col-100 elementor-top-column elementor-element elementor-element-3f87e2a\" data-id=\"3f87e2a\" data-element_type=\"column\" data-e-type=\"column\">\n\t\t\t<div class=\"elementor-widget-wrap elementor-element-populated\">\n\t\t\t\t\t\t<div class=\"elementor-element elementor-element-6e8668c elementor-widget elementor-widget-heading\" data-id=\"6e8668c\" data-element_type=\"widget\" data-e-type=\"widget\" data-widget_type=\"heading.default\">\n\t\t\t\t<div class=\"elementor-widget-container\">\n\t\t\t\t\t<h2 class=\"elementor-heading-title elementor-size-default\">Jalkater\u00e4sidos leikkauksesta  kotiutuessa<\/h2>\t\t\t\t<\/div>\n\t\t\t\t<\/div>\n\t\t\t\t\t<\/div>\n\t\t<\/div>\n\t\t\t\t\t<\/div>\n\t\t<\/section>\n\t\t\t\t<section class=\"elementor-section elementor-top-section elementor-element elementor-element-72e1123 elementor-section-boxed elementor-section-height-default elementor-section-height-default\" data-id=\"72e1123\" data-element_type=\"section\" data-e-type=\"section\">\n\t\t\t\t\t\t<div class=\"elementor-container elementor-column-gap-default\">\n\t\t\t\t\t<div class=\"elementor-column elementor-col-50 elementor-top-column elementor-element elementor-element-1191201\" data-id=\"1191201\" data-element_type=\"column\" data-e-type=\"column\">\n\t\t\t<div class=\"elementor-widget-wrap elementor-element-populated\">\n\t\t\t\t\t\t<div class=\"elementor-element elementor-element-bff35b3 elementor-widget-mobile__width-initial elementor-widget elementor-widget-image\" data-id=\"bff35b3\" data-element_type=\"widget\" data-e-type=\"widget\" data-widget_type=\"image.default\">\n\t\t\t\t<div class=\"elementor-widget-container\">\n\t\t\t\t\t\t\t\t\t\t\t\t\t\t\t<img fetchpriority=\"high\" decoding=\"async\" width=\"1500\" height=\"2154\" src=\"https:\/\/www.anumykkanen.fi\/wp-content\/uploads\/2025\/03\/20151103_115836-e1743335680586.jpg\" class=\"attachment-full size-full wp-image-3624\" alt=\"\" srcset=\"https:\/\/www.anumykkanen.fi\/wp-content\/uploads\/2025\/03\/20151103_115836-e1743335680586.jpg 1500w, https:\/\/www.anumykkanen.fi\/wp-content\/uploads\/2025\/03\/20151103_115836-e1743335680586-209x300.jpg 209w, https:\/\/www.anumykkanen.fi\/wp-content\/uploads\/2025\/03\/20151103_115836-e1743335680586-768x1103.jpg 768w, https:\/\/www.anumykkanen.fi\/wp-content\/uploads\/2025\/03\/20151103_115836-e1743335680586-713x1024.jpg 713w, https:\/\/www.anumykkanen.fi\/wp-content\/uploads\/2025\/03\/20151103_115836-e1743335680586-1070x1536.jpg 1070w, https:\/\/www.anumykkanen.fi\/wp-content\/uploads\/2025\/03\/20151103_115836-e1743335680586-1426x2048.jpg 1426w\" sizes=\"(max-width: 1500px) 100vw, 1500px\" \/>\t\t\t\t\t\t\t\t\t\t\t\t\t\t\t<\/div>\n\t\t\t\t<\/div>\n\t\t\t\t\t<\/div>\n\t\t<\/div>\n\t\t\t\t<div class=\"elementor-column elementor-col-50 elementor-top-column elementor-element elementor-element-799265e\" data-id=\"799265e\" data-element_type=\"column\" data-e-type=\"column\">\n\t\t\t<div class=\"elementor-widget-wrap elementor-element-populated\">\n\t\t\t\t\t\t<div class=\"elementor-element elementor-element-71beaf9 elementor-widget-mobile__width-initial elementor-widget elementor-widget-image\" data-id=\"71beaf9\" data-element_type=\"widget\" data-e-type=\"widget\" data-widget_type=\"image.default\">\n\t\t\t\t<div class=\"elementor-widget-container\">\n\t\t\t\t\t\t\t\t\t\t\t\t\t\t\t<img decoding=\"async\" width=\"1500\" height=\"2154\" src=\"https:\/\/www.anumykkanen.fi\/wp-content\/uploads\/2025\/03\/20151103_115830-scaled-e1743336371737.jpg\" class=\"attachment-full size-full wp-image-3625\" alt=\"\" srcset=\"https:\/\/www.anumykkanen.fi\/wp-content\/uploads\/2025\/03\/20151103_115830-scaled-e1743336371737.jpg 1500w, https:\/\/www.anumykkanen.fi\/wp-content\/uploads\/2025\/03\/20151103_115830-scaled-e1743336371737-209x300.jpg 209w, https:\/\/www.anumykkanen.fi\/wp-content\/uploads\/2025\/03\/20151103_115830-scaled-e1743336371737-713x1024.jpg 713w, https:\/\/www.anumykkanen.fi\/wp-content\/uploads\/2025\/03\/20151103_115830-scaled-e1743336371737-768x1103.jpg 768w, https:\/\/www.anumykkanen.fi\/wp-content\/uploads\/2025\/03\/20151103_115830-scaled-e1743336371737-1070x1536.jpg 1070w, https:\/\/www.anumykkanen.fi\/wp-content\/uploads\/2025\/03\/20151103_115830-scaled-e1743336371737-1426x2048.jpg 1426w\" sizes=\"(max-width: 1500px) 100vw, 1500px\" \/>\t\t\t\t\t\t\t\t\t\t\t\t\t\t\t<\/div>\n\t\t\t\t<\/div>\n\t\t\t\t\t<\/div>\n\t\t<\/div>\n\t\t\t\t\t<\/div>\n\t\t<\/section>\n\t\t\t\t<section class=\"elementor-section elementor-top-section elementor-element elementor-element-9ac7c08 elementor-section-boxed elementor-section-height-default elementor-section-height-default\" data-id=\"9ac7c08\" data-element_type=\"section\" data-e-type=\"section\">\n\t\t\t\t\t\t<div class=\"elementor-container elementor-column-gap-default\">\n\t\t\t\t\t<div class=\"elementor-column elementor-col-100 elementor-top-column elementor-element elementor-element-840760b\" data-id=\"840760b\" data-element_type=\"column\" data-e-type=\"column\">\n\t\t\t<div class=\"elementor-widget-wrap elementor-element-populated\">\n\t\t\t\t\t\t<div class=\"elementor-element elementor-element-17e93f1 elementor-widget elementor-widget-spacer\" data-id=\"17e93f1\" data-element_type=\"widget\" data-e-type=\"widget\" data-widget_type=\"spacer.default\">\n\t\t\t\t<div class=\"elementor-widget-container\">\n\t\t\t\t\t\t\t<div class=\"elementor-spacer\">\n\t\t\t<div class=\"elementor-spacer-inner\"><\/div>\n\t\t<\/div>\n\t\t\t\t\t\t<\/div>\n\t\t\t\t<\/div>\n\t\t\t\t\t<\/div>\n\t\t<\/div>\n\t\t\t\t\t<\/div>\n\t\t<\/section>\n\t\t\t\t<\/div>\n\t\t","protected":false},"excerpt":{"rendered":"<p>Sairaalassa Aamulla ennen leikkausta Leikkausp\u00e4iv\u00e4n aamulla potilas tulee leikkausosastolle noudattaen saamiaan ohjeita ravinnotta olosta. Potilas tapaa kirurgin ja anestesial\u00e4\u00e4k\u00e4rin ennen toimenpidett\u00e4. Kirurgi tarkastaa leikkausalueen ihon ja merkitsee avauksen paikan tussilla iholle. Anestesial\u00e4\u00e4k\u00e4ri ja potilas sopivat anestesiamuodosta. Jos on ohjelmoitu polvitaivepuudutus, anestesial\u00e4\u00e4k\u00e4ri tekee sen her\u00e4\u00e4m\u00f6ss\u00e4 ennen leikkaussaliin siirtymist\u00e4. Reseptit ja sairaslomatodistus kirjoitetaan valmiiksi. Her\u00e4\u00e4m\u00f6ss\u00e4 Leikkauksen j\u00e4lkiseuranta [&hellip;]<\/p>\n","protected":false},"author":1,"featured_media":0,"parent":0,"menu_order":0,"comment_status":"closed","ping_status":"closed","template":"","meta":{"om_disable_all_campaigns":false,"_monsterinsights_skip_tracking":false,"_monsterinsights_sitenote_active":false,"_monsterinsights_sitenote_note":"","_monsterinsights_sitenote_category":0,"_uf_show_specific_survey":0,"_uf_disable_surveys":false,"site-sidebar-layout":"no-sidebar","site-content-layout":"page-builder","ast-site-content-layout":"default","site-content-style":"default","site-sidebar-style":"default","ast-global-header-display":"","ast-banner-title-visibility":"","ast-main-header-display":"","ast-hfb-above-header-display":"","ast-hfb-below-header-display":"","ast-hfb-mobile-header-display":"","site-post-title":"disabled","ast-breadcrumbs-content":"","ast-featured-img":"disabled","footer-sml-layout":"","ast-disable-related-posts":"","theme-transparent-header-meta":"","adv-header-id-meta":"","stick-header-meta":"","header-above-stick-meta":"","header-main-stick-meta":"","header-below-stick-meta":"","astra-migrate-meta-layouts":"default","ast-page-background-enabled":"default","ast-page-background-meta":{"desktop":{"background-color":"var(--ast-global-color-4)","background-image":"","background-repeat":"repeat","background-position":"center center","background-size":"auto","background-attachment":"scroll","background-type":"","background-media":"","overlay-type":"","overlay-color":"","overlay-opacity":"","overlay-gradient":""},"tablet":{"background-color":"","background-image":"","background-repeat":"repeat","background-position":"center center","background-size":"auto","background-attachment":"scroll","background-type":"","background-media":"","overlay-type":"","overlay-color":"","overlay-opacity":"","overlay-gradient":""},"mobile":{"background-color":"","background-image":"","background-repeat":"repeat","background-position":"center center","background-size":"auto","background-attachment":"scroll","background-type":"","background-media":"","overlay-type":"","overlay-color":"","overlay-opacity":"","overlay-gradient":""}},"ast-content-background-meta":{"desktop":{"background-color":"var(--ast-global-color-5)","background-image":"","background-repeat":"repeat","background-position":"center center","background-size":"auto","background-attachment":"scroll","background-type":"","background-media":"","overlay-type":"","overlay-color":"","overlay-opacity":"","overlay-gradient":""},"tablet":{"background-color":"var(--ast-global-color-5)","background-image":"","background-repeat":"repeat","background-position":"center center","background-size":"auto","background-attachment":"scroll","background-type":"","background-media":"","overlay-type":"","overlay-color":"","overlay-opacity":"","overlay-gradient":""},"mobile":{"background-color":"var(--ast-global-color-5)","background-image":"","background-repeat":"repeat","background-position":"center center","background-size":"auto","background-attachment":"scroll","background-type":"","background-media":"","overlay-type":"","overlay-color":"","overlay-opacity":"","overlay-gradient":""}},"footnotes":""},"class_list":["post-2827","page","type-page","status-publish","hentry"],"aioseo_notices":[],"_links":{"self":[{"href":"https:\/\/www.anumykkanen.fi\/index.php?rest_route=\/wp\/v2\/pages\/2827","targetHints":{"allow":["GET"]}}],"collection":[{"href":"https:\/\/www.anumykkanen.fi\/index.php?rest_route=\/wp\/v2\/pages"}],"about":[{"href":"https:\/\/www.anumykkanen.fi\/index.php?rest_route=\/wp\/v2\/types\/page"}],"author":[{"embeddable":true,"href":"https:\/\/www.anumykkanen.fi\/index.php?rest_route=\/wp\/v2\/users\/1"}],"replies":[{"embeddable":true,"href":"https:\/\/www.anumykkanen.fi\/index.php?rest_route=%2Fwp%2Fv2%2Fcomments&post=2827"}],"version-history":[{"count":52,"href":"https:\/\/www.anumykkanen.fi\/index.php?rest_route=\/wp\/v2\/pages\/2827\/revisions"}],"predecessor-version":[{"id":3663,"href":"https:\/\/www.anumykkanen.fi\/index.php?rest_route=\/wp\/v2\/pages\/2827\/revisions\/3663"}],"wp:attachment":[{"href":"https:\/\/www.anumykkanen.fi\/index.php?rest_route=%2Fwp%2Fv2%2Fmedia&parent=2827"}],"curies":[{"name":"wp","href":"https:\/\/api.w.org\/{rel}","templated":true}]}}